{"id":2636,"date":"2017-02-14T12:23:19","date_gmt":"2017-02-14T10:23:19","guid":{"rendered":"http:\/\/www.mikkelinpiispa.fi\/?page_id=424"},"modified":"2024-02-08T18:29:39","modified_gmt":"2024-02-08T18:29:39","slug":"ansioluettelo","status":"publish","type":"page","link":"https:\/\/seppohakkinen.fi\/wordpress\/index.php\/seppo-hakkinen\/ansioluettelo\/","title":{"rendered":"Ansioluettelo"},"content":{"rendered":"\t\t<div data-elementor-type=\"wp-page\" data-elementor-id=\"2636\" class=\"elementor elementor-2636\">\n\t\t\t\t<div class=\"elementor-element elementor-element-32a01165 e-flex e-con-boxed e-con e-parent\" data-id=\"32a01165\" data-element_type=\"container\" data-e-type=\"container\">\n\t\t\t\t\t<div class=\"e-con-inner\">\n\t\t\t\t<div class=\"elementor-element elementor-element-9dbb8e9 elementor-widget elementor-widget-text-editor\" data-id=\"9dbb8e9\" data-element_type=\"widget\" data-e-type=\"widget\" data-widget_type=\"text-editor.default\">\n\t\t\t\t<div class=\"elementor-widget-container\">\n\t\t\t\t\t\t\t\t\t<p style=\"font-weight: 400;\"><strong>Henkil\u00f6tiedot<\/strong><\/p>\n<p style=\"font-weight: 400;\">H\u00e4kkinen Seppo Auvo Antero\n<br\/>Syntynyt 2.6.1958 Kuopio\n<br\/>Avioliitossa vuodesta 1980 lastentarhanopettaja Maria H\u00e4kkisen kanssa\n<br\/>Nelj\u00e4 aikuista lasta\t\t\t\t\t\t\t\t<\/div>\n\t\t\t\t<\/div>\n\t\t\t\t<div class=\"elementor-element elementor-element-6529c19b elementor-widget elementor-widget-text-editor\" data-id=\"6529c19b\" data-element_type=\"widget\" data-e-type=\"widget\" data-widget_type=\"text-editor.default\">\n\t\t\t\t<div class=\"elementor-widget-container\">\n\t\t\t\t\t\t\t\t\t<p><strong>Koulutus<\/strong><\/p>\n<p><span data-ogsc=\"red\">Ylioppilas<\/span><span data-ogsc=\"rgb(20, 20, 20)\"> Lauritsalan lukio 1977<br><\/span><span data-ogsc=\"red\">Teologian maisteri <\/span><span data-ogsc=\"rgb(20, 20, 20)\">Helsingin yliopisto 1982<br><\/span><span data-ogsc=\"red\">Teologian lisensiaatti <\/span><span data-ogsc=\"rgb(20, 20, 20)\">Helsingin yliopisto 1999<br><\/span><span data-ogsc=\"red\">Teologian tohtori <\/span><span data-ogsc=\"rgb(20, 20, 20)\">Helsingin yliopisto 2010<\/span><\/p>\n<p>Pappisvihkimys Mikkeliss\u00e4 1983<br>Pastoraalitutkinto 1986<br>Ylempi pastoraalitutkinto 1997<\/p>\n<p>Retriitinohjaaja 1991<br>176. valtakunnallinen maanpuolustuskurssi 2005<br>Johtamisen erikoisammattitutkinto 2008<\/p>\n<p><strong>Ty\u00f6historia<\/strong><\/p><p>Imatran srk:n II virallinen apulainen 1983-1987<br>Heinolan maaseurakunnan kappalainen 1987-2001<br>Mikkelin hiippakunnan tuomiokapitulin pappisasessori 1998-2001<br>Kirkkohallituksen toiminnallisen osaston johtajana toimiva kirkkoneuvos 2002-2009<br>Mikkelin hiippakunnan piispa 2009-2023<\/p>\n<p><strong>Luottamusteht\u00e4vi\u00e4<\/strong><\/p>\n<p style=\"font-weight: 400;\" data-ogsb=\"white\"><span data-ogsc=\"rgb(20, 20, 20)\">Mikkelin hiippakunnan hiippakuntakokouksen pappisedustaja 1992-2000<br>Heinolan maalaiskunnan sivistyslautakunnan puheenjohtaja 1993-1996<br>Suomen kirkon pappisliiton valtuuskunnan j\u00e4sen 1994-2001<br>P\u00e4ij\u00e4t-H\u00e4meen Osuuspankin Heinolan konttorin konttoritoimikunnan j\u00e4sen 1995-1998 ja puheenjohtaja 1998-2009<br>Valkealan kristillisen kansanopiston johtokunnan j\u00e4sen 1996-1998<br>Heinolan kaupungin koulutuslautakunnan j\u00e4sen 1997-2000<br>Suomen Poikien ja Tytt\u00f6jen Keskus \u2013 PTK ry:n hallituksen puheenjohtaja 1998-2002<br>Paavali Juusten -s\u00e4\u00e4ti\u00f6n hallituksen ja valtuuskunnan j\u00e4sen 1998-2001, puheenjohtaja 2009-2023<br>Kirkon jumalanpalvelus- ja musiikkitoimikunnan j\u00e4sen 2000-2001<br>Kirkolliskokouksen pappisedustaja Mikkelin hiippakunnasta 2000-2002<br>Kirkolliskokouksen lakivaliokunnan j\u00e4sen 2000-2002<br>Kirkolliskokouksen hallintovaliokunnan j\u00e4sen 2009-2011<br>Piispainkokouksen asessorij\u00e4sen Mikkelin hiippakunnasta 2000-2001<br>Piispainkokouksen valmistusvaliokunnan j\u00e4sen 2000-2002<br>Pappisviran ja muiden hengellisen ty\u00f6n virkojen tunnuksia ja virkapukeutumista koskevaa ohjeistoa valmistelevan piispainkokouksen ty\u00f6ryhm\u00e4n puheenjohtaja 2000-2001<br>Piispainkokouksen lausuntoa kirkkohallituksen esityksest\u00e4 Hiippakuntahallinnon kehitt\u00e4minen valmistelevan ty\u00f6ryhm\u00e4n sihteeri 2001-2002<br>J\u00e4rjest\u00f6jen rippikoulujen j\u00e4rjest\u00e4misen edellytyksi\u00e4 ja tuomiokapituleille annettavia suosituksia j\u00e4rjest\u00f6jen rippikouluohjeeksi valmistelevan piispainkokouksen ty\u00f6ryhm\u00e4n puheenjohtaja 2002-2003<br>Kirkon nelivuotiskertomuksen 2000-2003 laatimista varten asetetun ty\u00f6ryhm\u00e4n puheenjohtaja<br>Kirkon evankelioimisty\u00f6n toimikunnan j\u00e4sen 2002-2005, puheenjohtaja 2005-2009<br>Kirkon diakoniarahaston hallituksen puheenjohtaja 2002-2009<br>Kirkon kotimaisen avustusty\u00f6n neuvottelukunnan puheenjohtaja 2002-2005<br>Kirkon j\u00e4rjest\u00f6yhteisty\u00f6n neuvottelukunnan j\u00e4sen 2002-2005, puheenjohtaja 2006-2009<br>Suomen Kirkon Seurakuntaopiston S\u00e4\u00e4ti\u00f6n hallituksen j\u00e4sen 2003-2009, puheenjohtaja 2010-2013<br>Kirjapaja Oy:n hallituksen j\u00e4sen 2003-2006<br>Tieteen ja taiteen kristillisen tukis\u00e4\u00e4ti\u00f6n hallituksen j\u00e4sen 2004-2009<br>Valtioneuvoston asettaman Varhaiskasvatuksen neuvottelukunnan j\u00e4sen 2005-2007<br>Valtioneuvoston asettaman Maaseutupolitiikan yhteisty\u00f6ryhm\u00e4n j\u00e4sen 2005-2008<br>Valtioneuvoston asettaman Taloudenhallinnan neuvottelukunnan j\u00e4sen 2006-2010<br>Diakonia-ammattikorkeakoulu Oy:n hallituksen j\u00e4sen 2007-2009<br>Tukikummit-s\u00e4\u00e4ti\u00f6n asiamies 2007-2008, hallituksen j\u00e4sen 2015-2023<br>Kirkon EU-neuvottelukunnan varapuheenjohtaja 2009-2012<br>Pyh\u00e4-painopisteen neuvottelukunnan puheenjohtaja 2009-2012<br>Savon S\u00e4\u00e4ti\u00f6n valtuuskunnan j\u00e4sen 2009-2013<br>Kirkon ty\u00f6markkinalaitoksen valtuuskunnan j\u00e4sen 2010-2023<br>Kirkon keskushallinnon kehitt\u00e4misty\u00f6ryhm\u00e4n j\u00e4sen 2010-2012<br>Kirkon ulkoasianneuvoston \/ piispainkokouksen asettaman It\u00e4-Euroopan ty\u00f6ryhm\u00e4n puheenjohtaja 2011-2023<br>Karjalan Liiton hengellisen toimikunnan j\u00e4sen ja puheenjohtaja 2011-<br>Karjala-lehden toimitusneuvoston j\u00e4sen 2011-2014<br>Kirkolliskokouksen tulevaisuusvaliokunnan puheenjohtaja 2012-2015, j\u00e4sen 2016-2019<br>Pietari-s\u00e4\u00e4ti\u00f6n valtuuskunnan j\u00e4sen 2012-2015, hallintoneuvoston j\u00e4sen 2016-2017<br>Kirkon kasvatuksen ja perheasioiden toimikunnan puheenjohtaja 2012-2016<br>Kirkon kasvatuksen ja perheasioiden neuvottelukunnan puheenjohtaja 2016-2020<br>Kirkkopalvelut ry:n valtuuston puheenjohtaja 2013-<br>Kirkon kehitt\u00e4mispalveluita selvitt\u00e4v\u00e4n ty\u00f6ryhm\u00e4n puheenjohtaja 2018<br>Sodan ja rauhan keskus Muistin tukis\u00e4\u00e4ti\u00f6n hallintoneuvoston j\u00e4sen 2019-<br>Kirkolliskokouksen k\u00e4sikirjavaliokunnan puheenjohtaja 2020-2023<br>Kirkkohallituksen t\u00e4ysistunnon j\u00e4sen 2020-2023<br>Sacrum-Kotimaa Oy:n hallituksen j\u00e4sen 2024-<\/span><\/p>\n<p><strong style=\"font-size: inherit; font-family: -apple-system, system-ui, BlinkMacSystemFont, 'Segoe UI', Helvetica, Arial, sans-serif, 'Apple Color Emoji', 'Segoe UI Emoji', 'Segoe UI Symbol';\">Sotilasarvo<\/strong><\/p>\n<p>Ylikersantti 2009<\/p>\n<p><strong>Arvonimet ja huomionosoitukset<\/strong><\/p>\n<p style=\"font-weight: 400;\" data-ogsb=\"white\"><span data-ogsc=\"rgb(20, 20, 20)\">Rovasti 2007<br>Vuoden Heinolan kirkonkyl\u00e4l\u00e4inen 2000<br>Salpaussel\u00e4n Partiolaiset ry:n hopeinen ansiomitali 2001<br>Suomen Partiolaiset \u2013 Finlands Scouter ry:n hopeinen ansiomitali 2011<br>Heinola-mitali 2011<br>Pietarin Pyh\u00e4n Kolminaisuuden Aleksanteri Nevalaisen Lavran 300-vuotisjuhlamitali 2013<br>Sotilasansiomitali 2017<br>Suomen Valkoisen Ruusun komentajamerkki 2017<br>Seurakuntaty\u00f6n kultainen ansiomerkki 2018<br>Pro Carelia -ansiomerkki 2021<br>Rajavartiolaitoksen ansioristi 2022<br>Seurakuntaty\u00f6n kultainen ansiomerkki erityisist\u00e4 ansioista 2023<\/span><\/p>\t\t\t\t\t\t\t\t<\/div>\n\t\t\t\t<\/div>\n\t\t\t\t\t<\/div>\n\t\t\t\t<\/div>\n\t\t\t\t<\/div>\n\t\t","protected":false},"excerpt":{"rendered":"<p>Henkil\u00f6tiedot H\u00e4kkinen Seppo Auvo Antero Syntynyt 2.6.1958 Kuopio Avioliitossa vuodesta 1980 lastentarhanopettaja Maria H\u00e4kkisen kanssa Nelj\u00e4 aikuista lasta Koulutus Ylioppilas Lauritsalan lukio 1977Teologian maisteri Helsingin yliopisto 1982Teologian lisensiaatti Helsingin yliopisto 1999Teologian tohtori Helsingin yliopisto 2010 Pappisvihkimys Mikkeliss\u00e4 1983Pastoraalitutkinto 1986Ylempi pastoraalitutkinto 1997 Retriitinohjaaja 1991176. valtakunnallinen maanpuolustuskurssi 2005Johtamisen erikoisammattitutkinto 2008 Ty\u00f6historia Imatran srk:n II virallinen apulainen 1983-1987Heinolan &#8230; <a title=\"Ansioluettelo\" class=\"read-more\" href=\"https:\/\/seppohakkinen.fi\/wordpress\/index.php\/seppo-hakkinen\/ansioluettelo\/\" aria-label=\"Lue lis\u00e4\u00e4 aiheesta Ansioluettelo\">Lue lis\u00e4\u00e4<\/a><\/p>\n","protected":false},"author":1,"featured_media":0,"parent":256,"menu_order":0,"comment_status":"closed","ping_status":"closed","template":"","meta":{"footnotes":""},"class_list":["post-2636","page","type-page","status-publish"],"_links":{"self":[{"href":"https:\/\/seppohakkinen.fi\/wordpress\/index.php\/wp-json\/wp\/v2\/pages\/2636","targetHints":{"allow":["GET"]}}],"collection":[{"href":"https:\/\/seppohakkinen.fi\/wordpress\/index.php\/wp-json\/wp\/v2\/pages"}],"about":[{"href":"https:\/\/seppohakkinen.fi\/wordpress\/index.php\/wp-json\/wp\/v2\/types\/page"}],"author":[{"embeddable":true,"href":"https:\/\/seppohakkinen.fi\/wordpress\/index.php\/wp-json\/wp\/v2\/users\/1"}],"replies":[{"embeddable":true,"href":"https:\/\/seppohakkinen.fi\/wordpress\/index.php\/wp-json\/wp\/v2\/comments?post=2636"}],"version-history":[{"count":77,"href":"https:\/\/seppohakkinen.fi\/wordpress\/index.php\/wp-json\/wp\/v2\/pages\/2636\/revisions"}],"predecessor-version":[{"id":3846,"href":"https:\/\/seppohakkinen.fi\/wordpress\/index.php\/wp-json\/wp\/v2\/pages\/2636\/revisions\/3846"}],"up":[{"embeddable":true,"href":"https:\/\/seppohakkinen.fi\/wordpress\/index.php\/wp-json\/wp\/v2\/pages\/256"}],"wp:attachment":[{"href":"https:\/\/seppohakkinen.fi\/wordpress\/index.php\/wp-json\/wp\/v2\/media?parent=2636"}],"curies":[{"name":"wp","href":"https:\/\/api.w.org\/{rel}","templated":true}]}}