{"id":3884,"date":"2024-02-09T14:22:46","date_gmt":"2024-02-09T14:22:46","guid":{"rendered":"https:\/\/seppohakkinen.fi\/wordpress\/?page_id=3884"},"modified":"2024-02-09T18:54:58","modified_gmt":"2024-02-09T18:54:58","slug":"yhteystiedot","status":"publish","type":"page","link":"https:\/\/seppohakkinen.fi\/wordpress\/index.php\/yhteystiedot\/","title":{"rendered":"Yhteystiedot"},"content":{"rendered":"\t\t<div data-elementor-type=\"wp-page\" data-elementor-id=\"3884\" class=\"elementor elementor-3884\">\n\t\t\t\t<div class=\"elementor-element elementor-element-2e4b241 e-flex e-con-boxed e-con e-parent\" data-id=\"2e4b241\" data-element_type=\"container\" data-e-type=\"container\">\n\t\t\t\t\t<div class=\"e-con-inner\">\n\t\t<div class=\"elementor-element elementor-element-51e13af e-con-full e-flex e-con e-child\" data-id=\"51e13af\" data-element_type=\"container\" data-e-type=\"container\">\n\t\t\t\t<div class=\"elementor-element elementor-element-d01b21c elementor-widget elementor-widget-image\" data-id=\"d01b21c\" data-element_type=\"widget\" data-e-type=\"widget\" data-widget_type=\"image.default\">\n\t\t\t\t<div class=\"elementor-widget-container\">\n\t\t\t\t\t\t\t\t\t\t\t\t\t\t\t<img fetchpriority=\"high\" decoding=\"async\" width=\"200\" height=\"300\" src=\"https:\/\/seppohakkinen.fi\/wordpress\/wp-content\/uploads\/2024\/02\/Partiopiispa-17.6.2015-200x300.jpg\" class=\"attachment-medium size-medium wp-image-3762\" alt=\"\" srcset=\"https:\/\/seppohakkinen.fi\/wordpress\/wp-content\/uploads\/2024\/02\/Partiopiispa-17.6.2015-200x300.jpg 200w, https:\/\/seppohakkinen.fi\/wordpress\/wp-content\/uploads\/2024\/02\/Partiopiispa-17.6.2015-683x1024.jpg 683w, https:\/\/seppohakkinen.fi\/wordpress\/wp-content\/uploads\/2024\/02\/Partiopiispa-17.6.2015-768x1152.jpg 768w, https:\/\/seppohakkinen.fi\/wordpress\/wp-content\/uploads\/2024\/02\/Partiopiispa-17.6.2015-1024x1536.jpg 1024w, https:\/\/seppohakkinen.fi\/wordpress\/wp-content\/uploads\/2024\/02\/Partiopiispa-17.6.2015.jpg 1088w\" sizes=\"(max-width: 200px) 100vw, 200px\" \/>\t\t\t\t\t\t\t\t\t\t\t\t\t\t\t<\/div>\n\t\t\t\t<\/div>\n\t\t\t\t<\/div>\n\t\t<div class=\"elementor-element elementor-element-50efd45 e-con-full e-flex e-con e-child\" data-id=\"50efd45\" data-element_type=\"container\" data-e-type=\"container\">\n\t\t\t\t<div class=\"elementor-element elementor-element-bd5ea5b elementor-widget elementor-widget-text-editor\" data-id=\"bd5ea5b\" data-element_type=\"widget\" data-e-type=\"widget\" data-widget_type=\"text-editor.default\">\n\t\t\t\t<div class=\"elementor-widget-container\">\n\t\t\t\t\t\t\t\t\t<p>Minuun saa parhaiten yhteyden s\u00e4hk\u00f6postitse osoitteella seppoaahakkinen[at]gmail.com<\/p><p>Facebook-sivuni l\u00f6ytyv\u00e4t alla olevaa facebookin logoa klikkaamalla.\u00a0<\/p>\t\t\t\t\t\t\t\t<\/div>\n\t\t\t\t<\/div>\n\t\t\t\t<div class=\"elementor-element elementor-element-f0daf0f elementor-grid-1 e-grid-align-left elementor-shape-rounded elementor-widget elementor-widget-social-icons\" data-id=\"f0daf0f\" data-element_type=\"widget\" data-e-type=\"widget\" data-widget_type=\"social-icons.default\">\n\t\t\t\t<div class=\"elementor-widget-container\">\n\t\t\t\t\t\t\t<div class=\"elementor-social-icons-wrapper elementor-grid\">\n\t\t\t\t\t\t\t<span class=\"elementor-grid-item\">\n\t\t\t\t\t<a class=\"elementor-icon elementor-social-icon elementor-social-icon-facebook elementor-repeater-item-1f85e1a\" href=\"https:\/\/facebook.com\/piispa.seppo.hakkinen\" target=\"_blank\">\n\t\t\t\t\t\t<span class=\"elementor-screen-only\">Facebook<\/span>\n\t\t\t\t\t\t<svg aria-hidden=\"true\" class=\"e-font-icon-svg e-fab-facebook\" viewBox=\"0 0 512 512\" xmlns=\"http:\/\/www.w3.org\/2000\/svg\"><path d=\"M504 256C504 119 393 8 256 8S8 119 8 256c0 123.78 90.69 226.38 209.25 245V327.69h-63V256h63v-54.64c0-62.15 37-96.48 93.67-96.48 27.14 0 55.52 4.84 55.52 4.84v61h-31.28c-30.8 0-40.41 19.12-40.41 38.73V256h68.78l-11 71.69h-57.78V501C413.31 482.38 504 379.78 504 256z\"><\/path><\/svg>\t\t\t\t\t<\/a>\n\t\t\t\t<\/span>\n\t\t\t\t\t<\/div>\n\t\t\t\t\t\t<\/div>\n\t\t\t\t<\/div>\n\t\t\t\t<\/div>\n\t\t\t\t\t<\/div>\n\t\t\t\t<\/div>\n\t\t\t\t<\/div>\n\t\t","protected":false},"excerpt":{"rendered":"<p>Minuun saa parhaiten yhteyden s\u00e4hk\u00f6postitse osoitteella seppoaahakkinen[at]gmail.com Facebook-sivuni l\u00f6ytyv\u00e4t alla olevaa facebookin logoa klikkaamalla.\u00a0 Facebook<\/p>\n","protected":false},"author":1,"featured_media":0,"parent":0,"menu_order":0,"comment_status":"closed","ping_status":"closed","template":"","meta":{"footnotes":""},"class_list":["post-3884","page","type-page","status-publish"],"_links":{"self":[{"href":"https:\/\/seppohakkinen.fi\/wordpress\/index.php\/wp-json\/wp\/v2\/pages\/3884","targetHints":{"allow":["GET"]}}],"collection":[{"href":"https:\/\/seppohakkinen.fi\/wordpress\/index.php\/wp-json\/wp\/v2\/pages"}],"about":[{"href":"https:\/\/seppohakkinen.fi\/wordpress\/index.php\/wp-json\/wp\/v2\/types\/page"}],"author":[{"embeddable":true,"href":"https:\/\/seppohakkinen.fi\/wordpress\/index.php\/wp-json\/wp\/v2\/users\/1"}],"replies":[{"embeddable":true,"href":"https:\/\/seppohakkinen.fi\/wordpress\/index.php\/wp-json\/wp\/v2\/comments?post=3884"}],"version-history":[{"count":16,"href":"https:\/\/seppohakkinen.fi\/wordpress\/index.php\/wp-json\/wp\/v2\/pages\/3884\/revisions"}],"predecessor-version":[{"id":3953,"href":"https:\/\/seppohakkinen.fi\/wordpress\/index.php\/wp-json\/wp\/v2\/pages\/3884\/revisions\/3953"}],"wp:attachment":[{"href":"https:\/\/seppohakkinen.fi\/wordpress\/index.php\/wp-json\/wp\/v2\/media?parent=3884"}],"curies":[{"name":"wp","href":"https:\/\/api.w.org\/{rel}","templated":true}]}}