{"id":4656,"date":"2025-01-27T17:35:57","date_gmt":"2025-01-27T17:35:57","guid":{"rendered":"https:\/\/seppohakkinen.fi\/wordpress\/?page_id=4656"},"modified":"2025-08-13T18:48:30","modified_gmt":"2025-08-13T18:48:30","slug":"saarnat-2025","status":"publish","type":"page","link":"https:\/\/seppohakkinen.fi\/wordpress\/index.php\/saarnat-2025\/","title":{"rendered":"Saarnat 2025"},"content":{"rendered":"\t\t<div data-elementor-type=\"wp-page\" data-elementor-id=\"4656\" class=\"elementor elementor-4656\">\n\t\t\t\t<div class=\"elementor-element elementor-element-c93bb68 e-flex e-con-boxed e-con e-parent\" data-id=\"c93bb68\" data-element_type=\"container\" data-e-type=\"container\">\n\t\t\t\t\t<div class=\"e-con-inner\">\n\t\t\t\t<div class=\"elementor-element elementor-element-96687dd anwp-pg-widget-header-style--b anwp-pg-post-teaser__post-icon--size-16 elementor-widget elementor-widget-anwp-pg-classic-blog\" data-id=\"96687dd\" data-element_type=\"widget\" data-e-type=\"widget\" data-widget_type=\"anwp-pg-classic-blog.default\">\n\t\t\t\t<div class=\"elementor-widget-container\">\n\t\t\t\t\t<div class=\"anwp-pg-wrap\">\n\n\t\n\t<div class=\"anwp-pg-classic-blog anwp-pg-posts-wrapper\">\n\t\t<div class=\"anwp-pg-post-teaser anwp-pg-post-teaser--layout-classic anwp-row anwp-no-gutters\">\n\n\t\n\t<div class=\"anwp-pg-post-teaser__content anwp-col-12\">\n\n\t\t<div class=\"anwp-pg-post-teaser__title anwp-font-heading my-2\">\n\t\t\t<a class=\"anwp-link-without-effects\" href=\"https:\/\/seppohakkinen.fi\/wordpress\/index.php\/2025\/11\/30\/saarna-adventtijumalanpalveluksessa-talvisodan-syttymisen-muisto-30-11-2025-lappeen-marian-kirkossa-lappeenrannassa\/\" aria-hidden=\"true\" >\n\t\t\t\tSaarna adventtijumalanpalveluksessa (talvisodan syttymisen muisto) 30.11.2025 Lappeen Marian kirkossa Lappeenrannassa\t\t\t<\/a>\n\t\t<\/div>\n\n\t\t<div class=\"anwp-pg-post-teaser__bottom-meta d-flex flex-wrap\">\n\n\t\t\t\t\t\t\t<div class=\"anwp-pg-post-teaser__bottom-meta-item d-flex align-items-center mr-4\">\n\t\t\t\t\t<svg class=\"anwp-pg-icon anwp-pg-icon--s16 mr-2\">\n\t\t\t\t\t\t<use xlink:href=\"#icon-anwp-pg-person\"><\/use>\n\t\t\t\t\t<\/svg>\n\t\t\t\t\tadmin\t\t\t\t<\/div>\n\t\t\t\n\t\t\t\t\t\t\t<div class=\"anwp-pg-post-teaser__bottom-meta-item d-flex align-items-center mr-4\">\n\t\t\t\t\t<svg class=\"anwp-pg-icon anwp-pg-icon--s16 mr-2\">\n\t\t\t\t\t\t<use xlink:href=\"#icon-anwp-pg-calendar\"><\/use>\n\t\t\t\t\t<\/svg>\n\t\t\t\t\t<span class=\"screen-reader-text\">Posted on<\/span><time class=\"anwp-pg-published\" datetime=\"2025-11-30T18:03:11+00:00\">30 marraskuun, 2025<\/time><time class=\"anwp-pg-updated\" datetime=\"2025-12-06T18:05:20+00:00\">6 joulukuun, 2025<\/time>\t\t\t\t<\/div>\n\t\t\t\t\t\t\t\t\t<div class=\"anwp-pg-post-teaser__bottom-meta-item d-flex align-items-center mr-4\">\n\t\t\t\t\t\t<svg class=\"anwp-pg-icon anwp-pg-icon--s16 mr-2\">\n\t\t\t\t\t\t\t<use xlink:href=\"#icon-anwp-pg-comment-discussion\"><\/use>\n\t\t\t\t\t\t<\/svg>\n\t\t\t\t\t\t0\t\t\t\t\t<\/div>\n\t\t\t\t\t\t\t<\/div>\n\n\t\t<div class=\"anwp-pg-post-teaser__excerpt mt-2\">\n\t\t\tKun he l\u00e4hestyiv\u00e4t Jerusalemia ja tulivat Betfageen ja Betaniaan \u00d6ljym\u00e4en rinteelle, Jeesus l\u00e4hetti edelt\u00e4 kaksi opetuslastaan ja sanoi heille: \u201dMenk\u00e4\u00e4 tuolla n\u00e4kyv\u00e4\u00e4n kyl\u00e4\u00e4n. Heti kun te tulette sinne, te n\u00e4ette ...\t\t<\/div>\n\n\t\t\t<\/div>\n<\/div>\n<div class=\"anwp-pg-post-teaser anwp-pg-post-teaser--layout-classic anwp-row anwp-no-gutters\">\n\n\t\n\t<div class=\"anwp-pg-post-teaser__content anwp-col-12\">\n\n\t\t<div class=\"anwp-pg-post-teaser__title anwp-font-heading my-2\">\n\t\t\t<a class=\"anwp-link-without-effects\" href=\"https:\/\/seppohakkinen.fi\/wordpress\/index.php\/2025\/11\/16\/saarna-miestenpaivien-jumalanpalveluksessa-16-11-2025-juvan-kirkossa\/\" aria-hidden=\"true\" >\n\t\t\t\tSaarna miestenp\u00e4ivien jumalanpalveluksessa 16.11.2025 Juvan kirkossa\t\t\t<\/a>\n\t\t<\/div>\n\n\t\t<div class=\"anwp-pg-post-teaser__bottom-meta d-flex flex-wrap\">\n\n\t\t\t\t\t\t\t<div class=\"anwp-pg-post-teaser__bottom-meta-item d-flex align-items-center mr-4\">\n\t\t\t\t\t<svg class=\"anwp-pg-icon anwp-pg-icon--s16 mr-2\">\n\t\t\t\t\t\t<use xlink:href=\"#icon-anwp-pg-person\"><\/use>\n\t\t\t\t\t<\/svg>\n\t\t\t\t\tadmin\t\t\t\t<\/div>\n\t\t\t\n\t\t\t\t\t\t\t<div class=\"anwp-pg-post-teaser__bottom-meta-item d-flex align-items-center mr-4\">\n\t\t\t\t\t<svg class=\"anwp-pg-icon anwp-pg-icon--s16 mr-2\">\n\t\t\t\t\t\t<use xlink:href=\"#icon-anwp-pg-calendar\"><\/use>\n\t\t\t\t\t<\/svg>\n\t\t\t\t\t<span class=\"screen-reader-text\">Posted on<\/span><time class=\"anwp-pg-published\" datetime=\"2025-11-16T18:52:31+00:00\">16 marraskuun, 2025<\/time><time class=\"anwp-pg-updated\" datetime=\"2025-11-17T18:53:53+00:00\">17 marraskuun, 2025<\/time>\t\t\t\t<\/div>\n\t\t\t\t\t\t\t\t\t<div class=\"anwp-pg-post-teaser__bottom-meta-item d-flex align-items-center mr-4\">\n\t\t\t\t\t\t<svg class=\"anwp-pg-icon anwp-pg-icon--s16 mr-2\">\n\t\t\t\t\t\t\t<use xlink:href=\"#icon-anwp-pg-comment-discussion\"><\/use>\n\t\t\t\t\t\t<\/svg>\n\t\t\t\t\t\t0\t\t\t\t\t<\/div>\n\t\t\t\t\t\t\t<\/div>\n\n\t\t<div class=\"anwp-pg-post-teaser__excerpt mt-2\">\n\t\t\tJeesus puhui t\u00e4m\u00e4n vertauksen:&nbsp;&nbsp;&nbsp;&nbsp;\u201dSilloin taivasten valtakunta on oleva t\u00e4llainen. Oli kymmenen morsiusneitoa, jotka ottivat lamppunsa ja l\u00e4htiv\u00e4t sulhasta vastaan. Viisi heist\u00e4 oli tyhm\u00e4\u00e4 ja viisi viisasta. Tyhm\u00e4t ottivat lamppunsa mutta ...\t\t<\/div>\n\n\t\t\t<\/div>\n<\/div>\n<div class=\"anwp-pg-post-teaser anwp-pg-post-teaser--layout-classic anwp-row anwp-no-gutters\">\n\n\t\n\t<div class=\"anwp-pg-post-teaser__content anwp-col-12\">\n\n\t\t<div class=\"anwp-pg-post-teaser__title anwp-font-heading my-2\">\n\t\t\t<a class=\"anwp-link-without-effects\" href=\"https:\/\/seppohakkinen.fi\/wordpress\/index.php\/2025\/09\/21\/saarna-elimaen-karjalaseuran-80-vuotisjuhlajumalanpalveluksessa-21-9-2025-elimaen-kirkossa\/\" aria-hidden=\"true\" >\n\t\t\t\tSaarna Elim\u00e4en Karjalaseuran 80-vuotisjuhlajumalanpalveluksessa 21.9.2025 Elim\u00e4en kirkossa\t\t\t<\/a>\n\t\t<\/div>\n\n\t\t<div class=\"anwp-pg-post-teaser__bottom-meta d-flex flex-wrap\">\n\n\t\t\t\t\t\t\t<div class=\"anwp-pg-post-teaser__bottom-meta-item d-flex align-items-center mr-4\">\n\t\t\t\t\t<svg class=\"anwp-pg-icon anwp-pg-icon--s16 mr-2\">\n\t\t\t\t\t\t<use xlink:href=\"#icon-anwp-pg-person\"><\/use>\n\t\t\t\t\t<\/svg>\n\t\t\t\t\tadmin\t\t\t\t<\/div>\n\t\t\t\n\t\t\t\t\t\t\t<div class=\"anwp-pg-post-teaser__bottom-meta-item d-flex align-items-center mr-4\">\n\t\t\t\t\t<svg class=\"anwp-pg-icon anwp-pg-icon--s16 mr-2\">\n\t\t\t\t\t\t<use xlink:href=\"#icon-anwp-pg-calendar\"><\/use>\n\t\t\t\t\t<\/svg>\n\t\t\t\t\t<span class=\"screen-reader-text\">Posted on<\/span><time class=\"anwp-pg-published\" datetime=\"2025-09-21T19:34:37+00:00\">21 syyskuun, 2025<\/time><time class=\"anwp-pg-updated\" datetime=\"2025-09-27T19:35:13+00:00\">27 syyskuun, 2025<\/time>\t\t\t\t<\/div>\n\t\t\t\t\t\t\t\t\t<div class=\"anwp-pg-post-teaser__bottom-meta-item d-flex align-items-center mr-4\">\n\t\t\t\t\t\t<svg class=\"anwp-pg-icon anwp-pg-icon--s16 mr-2\">\n\t\t\t\t\t\t\t<use xlink:href=\"#icon-anwp-pg-comment-discussion\"><\/use>\n\t\t\t\t\t\t<\/svg>\n\t\t\t\t\t\t0\t\t\t\t\t<\/div>\n\t\t\t\t\t\t\t<\/div>\n\n\t\t<div class=\"anwp-pg-post-teaser__excerpt mt-2\">\n\t\t\tMatkallaan kohti Jerusalemia Jeesus kulki Samarian ja Galilean rajaseudulla. Kun h\u00e4n oli tulossa er\u00e4\u00e4seen kyl\u00e4\u00e4n, h\u00e4nt\u00e4 vastaan tuli kymmenen spitaalista miest\u00e4. N\u00e4m\u00e4 pys\u00e4htyiv\u00e4t matkan p\u00e4\u00e4h\u00e4n ja huusivat: \u201dJeesus, opettaja, armahda ...\t\t<\/div>\n\n\t\t\t<\/div>\n<\/div>\n<div class=\"anwp-pg-post-teaser anwp-pg-post-teaser--layout-classic anwp-row anwp-no-gutters\">\n\n\t\n\t<div class=\"anwp-pg-post-teaser__content anwp-col-12\">\n\n\t\t<div class=\"anwp-pg-post-teaser__title anwp-font-heading my-2\">\n\t\t\t<a class=\"anwp-link-without-effects\" href=\"https:\/\/seppohakkinen.fi\/wordpress\/index.php\/2025\/09\/07\/saarna-partiolaisten-kirkkopyhan-messussa-7-9-2025-asikkalan-seurakuntakodissa\/\" aria-hidden=\"true\" >\n\t\t\t\tSaarna partiolaisten kirkkopyh\u00e4n messussa 7.9.2025 Asikkalan seurakuntakodissa\t\t\t<\/a>\n\t\t<\/div>\n\n\t\t<div class=\"anwp-pg-post-teaser__bottom-meta d-flex flex-wrap\">\n\n\t\t\t\t\t\t\t<div class=\"anwp-pg-post-teaser__bottom-meta-item d-flex align-items-center mr-4\">\n\t\t\t\t\t<svg class=\"anwp-pg-icon anwp-pg-icon--s16 mr-2\">\n\t\t\t\t\t\t<use xlink:href=\"#icon-anwp-pg-person\"><\/use>\n\t\t\t\t\t<\/svg>\n\t\t\t\t\tadmin\t\t\t\t<\/div>\n\t\t\t\n\t\t\t\t\t\t\t<div class=\"anwp-pg-post-teaser__bottom-meta-item d-flex align-items-center mr-4\">\n\t\t\t\t\t<svg class=\"anwp-pg-icon anwp-pg-icon--s16 mr-2\">\n\t\t\t\t\t\t<use xlink:href=\"#icon-anwp-pg-calendar\"><\/use>\n\t\t\t\t\t<\/svg>\n\t\t\t\t\t<span class=\"screen-reader-text\">Posted on<\/span><time class=\"anwp-pg-published\" datetime=\"2025-09-07T18:12:27+00:00\">7 syyskuun, 2025<\/time><time class=\"anwp-pg-updated\" datetime=\"2025-09-15T18:17:15+00:00\">15 syyskuun, 2025<\/time>\t\t\t\t<\/div>\n\t\t\t\t\t\t\t\t\t<div class=\"anwp-pg-post-teaser__bottom-meta-item d-flex align-items-center mr-4\">\n\t\t\t\t\t\t<svg class=\"anwp-pg-icon anwp-pg-icon--s16 mr-2\">\n\t\t\t\t\t\t\t<use xlink:href=\"#icon-anwp-pg-comment-discussion\"><\/use>\n\t\t\t\t\t\t<\/svg>\n\t\t\t\t\t\t0\t\t\t\t\t<\/div>\n\t\t\t\t\t\t\t<\/div>\n\n\t\t<div class=\"anwp-pg-post-teaser__excerpt mt-2\">\n\t\t\tJeesus l\u00e4hti sitten taas Tyroksen seudulta ja tuli Sidonin ja Dekapoliin alueen kautta Galileanj\u00e4rvelle. Siell\u00e4 h\u00e4nen luokseen tuotiin kuuro mies, joka ei pystynyt kunnolla puhumaan, ja h\u00e4nt\u00e4 pyydettiin panemaan k\u00e4tens\u00e4 ...\t\t<\/div>\n\n\t\t\t<\/div>\n<\/div>\n<div class=\"anwp-pg-post-teaser anwp-pg-post-teaser--layout-classic anwp-row anwp-no-gutters\">\n\n\t\n\t<div class=\"anwp-pg-post-teaser__content anwp-col-12\">\n\n\t\t<div class=\"anwp-pg-post-teaser__title anwp-font-heading my-2\">\n\t\t\t<a class=\"anwp-link-without-effects\" href=\"https:\/\/seppohakkinen.fi\/wordpress\/index.php\/2025\/06\/08\/saarna-kakisalmijuhlien-messussa-8-6-2025-heinolan-kirkossa\/\" aria-hidden=\"true\" >\n\t\t\t\tSaarna K\u00e4kisalmijuhlien messussa 8.6.2025 Heinolan kirkossa\t\t\t<\/a>\n\t\t<\/div>\n\n\t\t<div class=\"anwp-pg-post-teaser__bottom-meta d-flex flex-wrap\">\n\n\t\t\t\t\t\t\t<div class=\"anwp-pg-post-teaser__bottom-meta-item d-flex align-items-center mr-4\">\n\t\t\t\t\t<svg class=\"anwp-pg-icon anwp-pg-icon--s16 mr-2\">\n\t\t\t\t\t\t<use xlink:href=\"#icon-anwp-pg-person\"><\/use>\n\t\t\t\t\t<\/svg>\n\t\t\t\t\tadmin\t\t\t\t<\/div>\n\t\t\t\n\t\t\t\t\t\t\t<div class=\"anwp-pg-post-teaser__bottom-meta-item d-flex align-items-center mr-4\">\n\t\t\t\t\t<svg class=\"anwp-pg-icon anwp-pg-icon--s16 mr-2\">\n\t\t\t\t\t\t<use xlink:href=\"#icon-anwp-pg-calendar\"><\/use>\n\t\t\t\t\t<\/svg>\n\t\t\t\t\t<span class=\"screen-reader-text\">Posted on<\/span><time class=\"anwp-pg-published\" datetime=\"2025-06-08T16:36:26+00:00\">8 kes\u00e4kuun, 2025<\/time><time class=\"anwp-pg-updated\" datetime=\"2025-06-08T16:36:27+00:00\">8 kes\u00e4kuun, 2025<\/time>\t\t\t\t<\/div>\n\t\t\t\t\t\t\t\t\t<div class=\"anwp-pg-post-teaser__bottom-meta-item d-flex align-items-center mr-4\">\n\t\t\t\t\t\t<svg class=\"anwp-pg-icon anwp-pg-icon--s16 mr-2\">\n\t\t\t\t\t\t\t<use xlink:href=\"#icon-anwp-pg-comment-discussion\"><\/use>\n\t\t\t\t\t\t<\/svg>\n\t\t\t\t\t\t0\t\t\t\t\t<\/div>\n\t\t\t\t\t\t\t<\/div>\n\n\t\t<div class=\"anwp-pg-post-teaser__excerpt mt-2\">\n\t\t\tJeesus sanoi opetuslapsilleen:\u00a0\u00a0\u00a0\u00a0\u201dJos joku rakastaa minua, h\u00e4n noudattaa minun sanaani. Minun Is\u00e4ni rakastaa h\u00e4nt\u00e4, ja me tulemme h\u00e4nen luokseen ja j\u00e4\u00e4mme asumaan h\u00e4nen luokseen. Se, joka ei minua rakasta, ei ...\t\t<\/div>\n\n\t\t\t<\/div>\n<\/div>\n<div class=\"anwp-pg-post-teaser anwp-pg-post-teaser--layout-classic anwp-row anwp-no-gutters\">\n\n\t\n\t<div class=\"anwp-pg-post-teaser__content anwp-col-12\">\n\n\t\t<div class=\"anwp-pg-post-teaser__title anwp-font-heading my-2\">\n\t\t\t<a class=\"anwp-link-without-effects\" href=\"https:\/\/seppohakkinen.fi\/wordpress\/index.php\/2025\/01\/26\/saarna-ankkurimiesten-30-vuotisjuhlamessussa-26-1-2025-tainionkosken-kirkossa-imatralla\/\" aria-hidden=\"true\" >\n\t\t\t\tSaarna Ankkurimiesten 30-vuotisjuhlamessussa 26.1.2025 Tainionkosken kirkossa Imatralla\t\t\t<\/a>\n\t\t<\/div>\n\n\t\t<div class=\"anwp-pg-post-teaser__bottom-meta d-flex flex-wrap\">\n\n\t\t\t\t\t\t\t<div class=\"anwp-pg-post-teaser__bottom-meta-item d-flex align-items-center mr-4\">\n\t\t\t\t\t<svg class=\"anwp-pg-icon anwp-pg-icon--s16 mr-2\">\n\t\t\t\t\t\t<use xlink:href=\"#icon-anwp-pg-person\"><\/use>\n\t\t\t\t\t<\/svg>\n\t\t\t\t\tadmin\t\t\t\t<\/div>\n\t\t\t\n\t\t\t\t\t\t\t<div class=\"anwp-pg-post-teaser__bottom-meta-item d-flex align-items-center mr-4\">\n\t\t\t\t\t<svg class=\"anwp-pg-icon anwp-pg-icon--s16 mr-2\">\n\t\t\t\t\t\t<use xlink:href=\"#icon-anwp-pg-calendar\"><\/use>\n\t\t\t\t\t<\/svg>\n\t\t\t\t\t<span class=\"screen-reader-text\">Posted on<\/span><time class=\"anwp-pg-published\" datetime=\"2025-01-26T17:33:24+00:00\">26 tammikuun, 2025<\/time><time class=\"anwp-pg-updated\" datetime=\"2025-01-27T17:38:24+00:00\">27 tammikuun, 2025<\/time>\t\t\t\t<\/div>\n\t\t\t\t\t\t\t\t\t<div class=\"anwp-pg-post-teaser__bottom-meta-item d-flex align-items-center mr-4\">\n\t\t\t\t\t\t<svg class=\"anwp-pg-icon anwp-pg-icon--s16 mr-2\">\n\t\t\t\t\t\t\t<use xlink:href=\"#icon-anwp-pg-comment-discussion\"><\/use>\n\t\t\t\t\t\t<\/svg>\n\t\t\t\t\t\t0\t\t\t\t\t<\/div>\n\t\t\t\t\t\t\t<\/div>\n\n\t\t<div class=\"anwp-pg-post-teaser__excerpt mt-2\">\n\t\t\tKun Jeesus oli saapunut Kapernaumiin, muuan sadanp\u00e4\u00e4llikk\u00f6 tuli h\u00e4nen luokseen ja pyysi h\u00e4nelt\u00e4 apua sanoen: \u201dHerra, palvelijani makaa kotona halvaantuneena, kovissa tuskissa.\u201d Jeesus sanoi: \u201dMin\u00e4 tulen ja parannan h\u00e4net.\u201d Mutta ...\t\t<\/div>\n\n\t\t\t<\/div>\n<\/div>\n\t<\/div>\n\t\n\t<\/div>\n\t\t\t\t<\/div>\n\t\t\t\t<\/div>\n\t\t\t\t\t<\/div>\n\t\t\t\t<\/div>\n\t\t\t\t<\/div>\n\t\t","protected":false},"excerpt":{"rendered":"<p>Saarna K\u00e4kisalmijuhlien messussa 8.6.2025 Heinolan kirkossa admin Posted on8 kes\u00e4kuun, 20258 kes\u00e4kuun, 2025 0 Jeesus sanoi opetuslapsilleen:\u00a0\u00a0\u00a0\u00a0\u201dJos joku rakastaa minua, h\u00e4n noudattaa minun sanaani. Minun Is\u00e4ni rakastaa h\u00e4nt\u00e4, ja me tulemme h\u00e4nen luokseen ja j\u00e4\u00e4mme asumaan h\u00e4nen luokseen. Se, joka ei minua rakasta, ei &#8230; Saarna Ankkurimiesten 30-vuotisjuhlamessussa 26.1.2025 Tainionkosken kirkossa Imatralla admin Posted on26 &#8230; <a title=\"Saarnat 2025\" class=\"read-more\" href=\"https:\/\/seppohakkinen.fi\/wordpress\/index.php\/saarnat-2025\/\" aria-label=\"Lue lis\u00e4\u00e4 aiheesta Saarnat 2025\">Lue lis\u00e4\u00e4<\/a><\/p>\n","protected":false},"author":1,"featured_media":0,"parent":0,"menu_order":0,"comment_status":"closed","ping_status":"closed","template":"","meta":{"footnotes":""},"class_list":["post-4656","page","type-page","status-publish"],"_links":{"self":[{"href":"https:\/\/seppohakkinen.fi\/wordpress\/index.php\/wp-json\/wp\/v2\/pages\/4656","targetHints":{"allow":["GET"]}}],"collection":[{"href":"https:\/\/seppohakkinen.fi\/wordpress\/index.php\/wp-json\/wp\/v2\/pages"}],"about":[{"href":"https:\/\/seppohakkinen.fi\/wordpress\/index.php\/wp-json\/wp\/v2\/types\/page"}],"author":[{"embeddable":true,"href":"https:\/\/seppohakkinen.fi\/wordpress\/index.php\/wp-json\/wp\/v2\/users\/1"}],"replies":[{"embeddable":true,"href":"https:\/\/seppohakkinen.fi\/wordpress\/index.php\/wp-json\/wp\/v2\/comments?post=4656"}],"version-history":[{"count":7,"href":"https:\/\/seppohakkinen.fi\/wordpress\/index.php\/wp-json\/wp\/v2\/pages\/4656\/revisions"}],"predecessor-version":[{"id":4754,"href":"https:\/\/seppohakkinen.fi\/wordpress\/index.php\/wp-json\/wp\/v2\/pages\/4656\/revisions\/4754"}],"wp:attachment":[{"href":"https:\/\/seppohakkinen.fi\/wordpress\/index.php\/wp-json\/wp\/v2\/media?parent=4656"}],"curies":[{"name":"wp","href":"https:\/\/api.w.org\/{rel}","templated":true}]}}